{"id":154,"date":"2017-05-24T23:31:32","date_gmt":"2017-05-24T21:31:32","guid":{"rendered":"http:\/\/www.hexenprozesse-leipzig.de\/?page_id=154"},"modified":"2017-05-24T23:31:32","modified_gmt":"2017-05-24T21:31:32","slug":"impressum","status":"publish","type":"page","link":"https:\/\/www.hexenprozesse-leipzig.de\/?page_id=154","title":{"rendered":"Impressum"},"content":{"rendered":"<p><strong>Frauenkultur e. V. Leipzig<\/strong><br \/>\n04277 Leipzig, Windscheidstr. 51<br \/>\nFon &#038; Fax: 0341 &#8211; 2130030<br \/>\nwww.frauenkultur-leipzig.de<br \/>\nhallo[at]frauenkultur-leipzig.de \u00bb<\/p>\n<p>Gemeinn\u00fctziger Verein; eingetragen beim Amtsgericht Leipzig<br \/>\nVereinsregister-Nummer: VR 687<br \/>\nVorstand des Frauenkultur e.V. Leipzig:<br \/>\nChristine Rietzke, Hsiu-Y\u00fcn Cheng<br \/>\nVerantwortlich f\u00fcr den Inhalt nach \u00a7 55 Abs. 2 RStV: Vorstand des Frauenkultur e.V. Leipzig, Christine Rietzke, Hsiu-Y\u00fcn Cheng<\/p>\n<p>Haftungsausschluss<\/p>\n<p>Haftung f\u00fcr Inhalte<br \/>\nDie Inhalte unserer Seiten wurden mit gr\u00f6\u00dfter Sorgfalt erstellt. F\u00fcr die Richtigkeit, Vollst\u00e4ndigkeit und Aktualit\u00e4t der Inhalte k\u00f6nnen wir jedoch keine Gew\u00e4hr \u00fcbernehmen. Als Dienste-Anbieterin sind wir gem\u00e4\u00df \u00a7 7 Abs.1 TMG f\u00fcr eigene Inhalte auf diesen Seiten nach den allgemeinen Gesetzen verantwortlich. Nach \u00a7\u00a7 8 bis 10 TMG sind wir als Dienste-Anbieterin jedoch nicht verpflichtet, \u00fcbermittelte oder gespeicherte fremde Informationen zu \u00fcberwachen oder nach Umst\u00e4nden zu forschen, die auf eine rechtswidrige T\u00e4tigkeit hinweisen. Verpflichtungen zur Entfernung oder Sperrung der Nutzung von Informationen nach den allgemeinen Gesetzen bleiben hiervon unber\u00fchrt. Eine diesbez\u00fcgliche Haftung ist jedoch erst ab dem Zeitpunkt der Kenntnis einer konkreten Rechtsverletzung m\u00f6glich. Bei Bekanntwerden von entsprechenden Rechtsverletzungen werden wir diese Inhalte umgehend entfernen.<\/p>\n","protected":false},"excerpt":{"rendered":"<p>Frauenkultur e. V. Leipzig 04277 Leipzig, Windscheidstr. 51 Fon &#038; Fax: 0341 &#8211; 2130030 www.frauenkultur-leipzig.de hallo[at]frauenkultur-leipzig.de \u00bb Gemeinn\u00fctziger Verein; eingetragen<\/p>\n","protected":false},"author":1,"featured_media":0,"parent":0,"menu_order":0,"comment_status":"closed","ping_status":"closed","template":"","meta":{"spay_email":"","footnotes":""},"class_list":["post-154","page","type-page","status-publish","hentry"],"wps_subtitle":"","jetpack_shortlink":"https:\/\/wp.me\/P8M4Ig-2u","jetpack_likes_enabled":true,"_links":{"self":[{"href":"https:\/\/www.hexenprozesse-leipzig.de\/index.php?rest_route=\/wp\/v2\/pages\/154","targetHints":{"allow":["GET"]}}],"collection":[{"href":"https:\/\/www.hexenprozesse-leipzig.de\/index.php?rest_route=\/wp\/v2\/pages"}],"about":[{"href":"https:\/\/www.hexenprozesse-leipzig.de\/index.php?rest_route=\/wp\/v2\/types\/page"}],"author":[{"embeddable":true,"href":"https:\/\/www.hexenprozesse-leipzig.de\/index.php?rest_route=\/wp\/v2\/users\/1"}],"replies":[{"embeddable":true,"href":"https:\/\/www.hexenprozesse-leipzig.de\/index.php?rest_route=%2Fwp%2Fv2%2Fcomments&post=154"}],"version-history":[{"count":1,"href":"https:\/\/www.hexenprozesse-leipzig.de\/index.php?rest_route=\/wp\/v2\/pages\/154\/revisions"}],"predecessor-version":[{"id":155,"href":"https:\/\/www.hexenprozesse-leipzig.de\/index.php?rest_route=\/wp\/v2\/pages\/154\/revisions\/155"}],"wp:attachment":[{"href":"https:\/\/www.hexenprozesse-leipzig.de\/index.php?rest_route=%2Fwp%2Fv2%2Fmedia&parent=154"}],"curies":[{"name":"wp","href":"https:\/\/api.w.org\/{rel}","templated":true}]}}