{"id":24,"date":"2017-05-20T18:24:24","date_gmt":"2017-05-20T16:24:24","guid":{"rendered":"http:\/\/www.hexenprozesse-leipzig.de\/?page_id=24"},"modified":"2018-02-22T12:19:28","modified_gmt":"2018-02-22T11:19:28","slug":"ausstellungstafeln","status":"publish","type":"page","link":"https:\/\/www.hexenprozesse-leipzig.de\/","title":{"rendered":"Ausstellungstafeln"},"content":{"rendered":"<div class=\"pt-cv-wrapper\"><div class=\"pt-cv-view pt-cv-grid pt-cv-colsys\" id=\"pt-cv-view-53df6eanp6\"><div data-id=\"pt-cv-page-1\" class=\"pt-cv-page\" data-cvc=\"2\"><div class=\"col-md-6 col-sm-6 col-xs-12 pt-cv-content-item pt-cv-1-col\" ><div class='pt-cv-ifield'><a href=\"https:\/\/www.hexenprozesse-leipzig.de\/?p=554\" class=\"_self pt-cv-href-thumbnail pt-cv-thumb-default\" target=\"_self\" ><\/a>\n<h4 class=\"pt-cv-title\"><a href=\"https:\/\/www.hexenprozesse-leipzig.de\/?p=554\" class=\"_self\" target=\"_self\" >Die Geschichte des \u00a7 218 StGB<\/a><\/h4>\n<div class=\"pt-cv-content\">Bis ins 19. Jahrhundert war eine fr\u00fche Schwangerschaft noch nicht medizinisch bestimmbar. Das Ausbleiben der Menstruation war ein erstes Zeichen ...<br \/><a href=\"https:\/\/www.hexenprozesse-leipzig.de\/?p=554\" class=\"_self pt-cv-readmore btn btn-success\" target=\"_self\">Weiterlesen \u2026<\/a><\/div><\/div><\/div>\n<div class=\"col-md-6 col-sm-6 col-xs-12 pt-cv-content-item pt-cv-1-col\" ><div class='pt-cv-ifield'><a href=\"https:\/\/www.hexenprozesse-leipzig.de\/?p=536\" class=\"_self pt-cv-href-thumbnail pt-cv-thumb-default\" target=\"_self\" ><\/a>\n<h4 class=\"pt-cv-title\"><a href=\"https:\/\/www.hexenprozesse-leipzig.de\/?p=536\" class=\"_self\" target=\"_self\" >Vom Kr\u00e4uterwissen zum Hexenwerk<\/a><\/h4>\n<div class=\"pt-cv-content\">\u201eErinnere du dich Bei\u00dffu\u00df,was du verk\u00fcndest,was du anordnest infeierlicher Kundgebung.Una hei\u00dft du,das \u00e4lteste der Kr\u00e4uter;Du hast Macht gegen dreiund gegen ...<br \/><a href=\"https:\/\/www.hexenprozesse-leipzig.de\/?p=536\" class=\"_self pt-cv-readmore btn btn-success\" target=\"_self\">Weiterlesen \u2026<\/a><\/div><\/div><\/div>\n<div class=\"col-md-6 col-sm-6 col-xs-12 pt-cv-content-item pt-cv-1-col\" ><div class='pt-cv-ifield'><a href=\"https:\/\/www.hexenprozesse-leipzig.de\/?p=533\" class=\"_self pt-cv-href-thumbnail pt-cv-thumb-default\" target=\"_self\" ><\/a>\n<h4 class=\"pt-cv-title\"><a href=\"https:\/\/www.hexenprozesse-leipzig.de\/?p=533\" class=\"_self\" target=\"_self\" >Louise Otto-Peters und die Hexenverfolgung<\/a><\/h4>\n<div class=\"pt-cv-content\">\u00a0 Louise Otto (26.03.1819 \u2013 13.03.1895) \u2013 ihr Geburtsname und Name als K\u00fcnstlerin und Feministin \u2013 wurde als j\u00fcngste Tochter ...<br \/><a href=\"https:\/\/www.hexenprozesse-leipzig.de\/?p=533\" class=\"_self pt-cv-readmore btn btn-success\" target=\"_self\">Weiterlesen \u2026<\/a><\/div><\/div><\/div>\n<div class=\"col-md-6 col-sm-6 col-xs-12 pt-cv-content-item pt-cv-1-col\" ><div class='pt-cv-ifield'><a href=\"https:\/\/www.hexenprozesse-leipzig.de\/?p=128\" class=\"_self pt-cv-href-thumbnail pt-cv-thumb-default\" target=\"_self\" ><\/a>\n<h4 class=\"pt-cv-title\"><a href=\"https:\/\/www.hexenprozesse-leipzig.de\/?p=128\" class=\"_self\" target=\"_self\" >Der Begriff Hexe<\/a><\/h4>\n<div class=\"pt-cv-content\">Der Begriff der Hexe entsteht erst zum Ende des Mittelalters. Er wird quasi neu geschaffen aus \u00e4lteren Begriffen wie H\u00e4gare, ...<br \/><a href=\"https:\/\/www.hexenprozesse-leipzig.de\/?p=128\" class=\"_self pt-cv-readmore btn btn-success\" target=\"_self\">Weiterlesen \u2026<\/a><\/div><\/div><\/div>\n<div class=\"col-md-6 col-sm-6 col-xs-12 pt-cv-content-item pt-cv-1-col\" ><div class='pt-cv-ifield'><a href=\"https:\/\/www.hexenprozesse-leipzig.de\/?p=176\" class=\"_self pt-cv-href-thumbnail pt-cv-thumb-default\" target=\"_self\" ><\/a>\n<h4 class=\"pt-cv-title\"><a href=\"https:\/\/www.hexenprozesse-leipzig.de\/?p=176\" class=\"_self\" target=\"_self\" >Aufarbeitung Hexenverfolgung<\/a><\/h4>\n<div class=\"pt-cv-content\">Die feministische Autorin Erika Wisselinck stellte 1987 in ihrem Buch \u201eHexen. Warum wir so wenig von ihrer Geschichte erfahren und ...<br \/><a href=\"https:\/\/www.hexenprozesse-leipzig.de\/?p=176\" class=\"_self pt-cv-readmore btn btn-success\" target=\"_self\">Weiterlesen \u2026<\/a><\/div><\/div><\/div>\n<div class=\"col-md-6 col-sm-6 col-xs-12 pt-cv-content-item pt-cv-1-col\" ><div class='pt-cv-ifield'><a href=\"https:\/\/www.hexenprozesse-leipzig.de\/?p=123\" class=\"_self pt-cv-href-thumbnail pt-cv-thumb-default\" target=\"_self\" ><\/a>\n<h4 class=\"pt-cv-title\"><a href=\"https:\/\/www.hexenprozesse-leipzig.de\/?p=123\" class=\"_self\" target=\"_self\" >Benedict Carpzov<\/a><\/h4>\n<div class=\"pt-cv-content\">Benedict Carpzov (27.05.1595 \u2013 31.08.1666) ist zweifellos auch heute noch einer der umstrittensten Juristen, zumal \u2013 wenn es um die ...<br \/><a href=\"https:\/\/www.hexenprozesse-leipzig.de\/?p=123\" class=\"_self pt-cv-readmore btn btn-success\" target=\"_self\">Weiterlesen \u2026<\/a><\/div><\/div><\/div>\n<div class=\"col-md-6 col-sm-6 col-xs-12 pt-cv-content-item pt-cv-1-col\" ><div class='pt-cv-ifield'><a href=\"https:\/\/www.hexenprozesse-leipzig.de\/?p=126\" class=\"_self pt-cv-href-thumbnail pt-cv-thumb-default\" target=\"_self\" ><\/a>\n<h4 class=\"pt-cv-title\"><a href=\"https:\/\/www.hexenprozesse-leipzig.de\/?p=126\" class=\"_self\" target=\"_self\" >Hexen in der bildenden Kunst<\/a><\/h4>\n<div class=\"pt-cv-content\">W\u00e4hrend uns Zauberinnen\/Hexen bereits in der antiken Literatur begegnen, finden wir sie erst wesentlich sp\u00e4ter in der bildenden Kunst. Mit ...<br \/><a href=\"https:\/\/www.hexenprozesse-leipzig.de\/?p=126\" class=\"_self pt-cv-readmore btn btn-success\" target=\"_self\">Weiterlesen \u2026<\/a><\/div><\/div><\/div>\n<div class=\"col-md-6 col-sm-6 col-xs-12 pt-cv-content-item pt-cv-1-col\" ><div class='pt-cv-ifield'><a href=\"https:\/\/www.hexenprozesse-leipzig.de\/?p=116\" class=\"_self pt-cv-href-thumbnail pt-cv-thumb-default\" target=\"_self\" ><\/a>\n<h4 class=\"pt-cv-title\"><a href=\"https:\/\/www.hexenprozesse-leipzig.de\/?p=116\" class=\"_self\" target=\"_self\" >Hexenprozesse in\/bei Leipzig<\/a><\/h4>\n<div class=\"pt-cv-content\">1479 fand der erste bekannte Prozess zu Hexerei\/Zauberei in Leipzig statt. Angeklagt wurde eine Frau, genannt die Slezieryn. Die ihr ...<br \/><a href=\"https:\/\/www.hexenprozesse-leipzig.de\/?p=116\" class=\"_self pt-cv-readmore btn btn-success\" target=\"_self\">Weiterlesen \u2026<\/a><\/div><\/div><\/div>\n<div class=\"col-md-6 col-sm-6 col-xs-12 pt-cv-content-item pt-cv-1-col\" ><div class='pt-cv-ifield'><a href=\"https:\/\/www.hexenprozesse-leipzig.de\/?p=113\" class=\"_self pt-cv-href-thumbnail pt-cv-thumb-default\" target=\"_self\" ><\/a>\n<h4 class=\"pt-cv-title\"><a href=\"https:\/\/www.hexenprozesse-leipzig.de\/?p=113\" class=\"_self\" target=\"_self\" >Ein Hexenprozess 1658 &#8211; 1660<\/a><\/h4>\n<div class=\"pt-cv-content\">Ein Prozess, der vor dem Leipziger Sch\u00f6ppenstuhl verhandelt worden ist. Im Jahre 1658 starb in dem Dorfe Wehlitz bei Magdeburg ...<br \/><a href=\"https:\/\/www.hexenprozesse-leipzig.de\/?p=113\" class=\"_self pt-cv-readmore btn btn-success\" target=\"_self\">Weiterlesen \u2026<\/a><\/div><\/div><\/div>\n<div class=\"col-md-6 col-sm-6 col-xs-12 pt-cv-content-item pt-cv-1-col\" ><div class='pt-cv-ifield'><a href=\"https:\/\/www.hexenprozesse-leipzig.de\/?p=64\" class=\"_self pt-cv-href-thumbnail pt-cv-thumb-default\" target=\"_self\" ><\/a>\n<h4 class=\"pt-cv-title\"><a href=\"https:\/\/www.hexenprozesse-leipzig.de\/?p=64\" class=\"_self\" target=\"_self\" >Martin Luther<\/a><\/h4>\n<div class=\"pt-cv-content\">Luthers Hexenbild Martin Luther hat den Begriff der Hexe oder auch den der Zauberin nicht einheitlich verwandt. Zu seiner Zeit ...<br \/><a href=\"https:\/\/www.hexenprozesse-leipzig.de\/?p=64\" class=\"_self pt-cv-readmore btn btn-success\" target=\"_self\">Weiterlesen \u2026<\/a><\/div><\/div><\/div>\n<div class=\"col-md-6 col-sm-6 col-xs-12 pt-cv-content-item pt-cv-1-col\" ><div class='pt-cv-ifield'><a href=\"https:\/\/www.hexenprozesse-leipzig.de\/?p=60\" class=\"_self pt-cv-href-thumbnail pt-cv-thumb-default\" target=\"_self\" ><\/a>\n<h4 class=\"pt-cv-title\"><a href=\"https:\/\/www.hexenprozesse-leipzig.de\/?p=60\" class=\"_self\" target=\"_self\" >Hexenpredigt von Martin Luther<\/a><\/h4>\n<div class=\"pt-cv-content\">\u00fcber 2. Mose 22 Vers 17 (Ex. 22,17 \u201eDie Zauberinnen sollst du nicht am Leben lassen\u201c) im Fr\u00fchjahr 1526, zwischen ...<br \/><a href=\"https:\/\/www.hexenprozesse-leipzig.de\/?p=60\" class=\"_self pt-cv-readmore btn btn-success\" target=\"_self\">Weiterlesen \u2026<\/a><\/div><\/div><\/div>\n<div class=\"col-md-6 col-sm-6 col-xs-12 pt-cv-content-item pt-cv-1-col\" ><div class='pt-cv-ifield'><a href=\"https:\/\/www.hexenprozesse-leipzig.de\/?p=62\" class=\"_self pt-cv-href-thumbnail pt-cv-thumb-default\" target=\"_self\" ><\/a>\n<h4 class=\"pt-cv-title\"><a href=\"https:\/\/www.hexenprozesse-leipzig.de\/?p=62\" class=\"_self\" target=\"_self\" >Magie und Geburt<\/a><\/h4>\n<div class=\"pt-cv-content\">Magische Vorstellungen und Praktiken gab es weltweit zu allen Zeiten, und sie sind auch heute noch in vielen Kulturen verbreitet ...<br \/><a href=\"https:\/\/www.hexenprozesse-leipzig.de\/?p=62\" class=\"_self pt-cv-readmore btn btn-success\" target=\"_self\">Weiterlesen \u2026<\/a><\/div><\/div><\/div>\n<div class=\"col-md-6 col-sm-6 col-xs-12 pt-cv-content-item pt-cv-1-col\" ><div class='pt-cv-ifield'><a href=\"https:\/\/www.hexenprozesse-leipzig.de\/?p=107\" class=\"_self pt-cv-href-thumbnail pt-cv-thumb-default\" target=\"_self\" ><\/a>\n<h4 class=\"pt-cv-title\"><a href=\"https:\/\/www.hexenprozesse-leipzig.de\/?p=107\" class=\"_self\" target=\"_self\" >Die Hexe im M\u00e4rchen<\/a><\/h4>\n<div class=\"pt-cv-content\">\u2026dazu f\u00e4llt den meisten Menschen sofort die Hexe aus H\u00e4nsel und Gretel ein: Alt, krumm, h\u00e4sslich, listig, b\u00f6sartig. Erinnert wird ...<br \/><a href=\"https:\/\/www.hexenprozesse-leipzig.de\/?p=107\" class=\"_self pt-cv-readmore btn btn-success\" target=\"_self\">Weiterlesen \u2026<\/a><\/div><\/div><\/div>\n<div class=\"col-md-6 col-sm-6 col-xs-12 pt-cv-content-item pt-cv-1-col\" ><div class='pt-cv-ifield'><a href=\"https:\/\/www.hexenprozesse-leipzig.de\/?p=111\" class=\"_self pt-cv-href-thumbnail pt-cv-thumb-default\" target=\"_self\" ><\/a>\n<h4 class=\"pt-cv-title\"><a href=\"https:\/\/www.hexenprozesse-leipzig.de\/?p=111\" class=\"_self\" target=\"_self\" >Hexen, weise Frauen und Zauberinnen in den M\u00e4rchen der Br\u00fcder Grimm<\/a><\/h4>\n<div class=\"pt-cv-content\">Die Br\u00fcder Grimm sammelten ab 1806 Volksm\u00e4rchen, indem sie M\u00e4rchen so aufzeichneten, wie sie erz\u00e4hlt wurden. Dabei ging es ihnen ...<br \/><a href=\"https:\/\/www.hexenprozesse-leipzig.de\/?p=111\" class=\"_self pt-cv-readmore btn btn-success\" target=\"_self\">Weiterlesen \u2026<\/a><\/div><\/div><\/div>\n<div class=\"col-md-6 col-sm-6 col-xs-12 pt-cv-content-item pt-cv-1-col\" ><div class='pt-cv-ifield'><a href=\"https:\/\/www.hexenprozesse-leipzig.de\/?p=136\" class=\"_self pt-cv-href-thumbnail pt-cv-thumb-default\" target=\"_self\" ><\/a>\n<h4 class=\"pt-cv-title\"><a href=\"https:\/\/www.hexenprozesse-leipzig.de\/?p=136\" class=\"_self\" target=\"_self\" >Zauberinnen und Hexen in der Literatur<\/a><\/h4>\n<div class=\"pt-cv-content\">Zauberkundige Frauen in griechischen und lateinischen \u00dcberlieferungen Seit Jahrhunderten ist die \u201eHexe\u201c in der Literatur einem st\u00e4ndigen Wandel unterworfen. Von ...<br \/><a href=\"https:\/\/www.hexenprozesse-leipzig.de\/?p=136\" class=\"_self pt-cv-readmore btn btn-success\" target=\"_self\">Weiterlesen \u2026<\/a><\/div><\/div><\/div>\n<div class=\"col-md-6 col-sm-6 col-xs-12 pt-cv-content-item pt-cv-1-col\" ><div class='pt-cv-ifield'><a href=\"https:\/\/www.hexenprozesse-leipzig.de\/?p=58\" class=\"_self pt-cv-href-thumbnail pt-cv-thumb-default\" target=\"_self\" ><\/a>\n<h4 class=\"pt-cv-title\"><a href=\"https:\/\/www.hexenprozesse-leipzig.de\/?p=58\" class=\"_self\" target=\"_self\" >Frauen-Alltag<\/a><\/h4>\n<div class=\"pt-cv-content\">Der Alltag der Menschen im Mittelalter war bis zum 14. Jahrhundert in Mittel- und Westeuropa viel st\u00e4rker als heute durch ...<br \/><a href=\"https:\/\/www.hexenprozesse-leipzig.de\/?p=58\" class=\"_self pt-cv-readmore btn btn-success\" target=\"_self\">Weiterlesen \u2026<\/a><\/div><\/div><\/div><\/div><\/div><\/div>\n","protected":false},"excerpt":{"rendered":"","protected":false},"author":1,"featured_media":0,"parent":0,"menu_order":0,"comment_status":"closed","ping_status":"closed","template":"template-fullwidth.php","meta":{"spay_email":"","footnotes":""},"class_list":["post-24","page","type-page","status-publish","hentry"],"wps_subtitle":"","jetpack_shortlink":"https:\/\/wp.me\/P8M4Ig-o","jetpack_likes_enabled":true,"_links":{"self":[{"href":"https:\/\/www.hexenprozesse-leipzig.de\/index.php?rest_route=\/wp\/v2\/pages\/24","targetHints":{"allow":["GET"]}}],"collection":[{"href":"https:\/\/www.hexenprozesse-leipzig.de\/index.php?rest_route=\/wp\/v2\/pages"}],"about":[{"href":"https:\/\/www.hexenprozesse-leipzig.de\/index.php?rest_route=\/wp\/v2\/types\/page"}],"author":[{"embeddable":true,"href":"https:\/\/www.hexenprozesse-leipzig.de\/index.php?rest_route=\/wp\/v2\/users\/1"}],"replies":[{"embeddable":true,"href":"https:\/\/www.hexenprozesse-leipzig.de\/index.php?rest_route=%2Fwp%2Fv2%2Fcomments&post=24"}],"version-history":[{"count":6,"href":"https:\/\/www.hexenprozesse-leipzig.de\/index.php?rest_route=\/wp\/v2\/pages\/24\/revisions"}],"predecessor-version":[{"id":772,"href":"https:\/\/www.hexenprozesse-leipzig.de\/index.php?rest_route=\/wp\/v2\/pages\/24\/revisions\/772"}],"wp:attachment":[{"href":"https:\/\/www.hexenprozesse-leipzig.de\/index.php?rest_route=%2Fwp%2Fv2%2Fmedia&parent=24"}],"curies":[{"name":"wp","href":"https:\/\/api.w.org\/{rel}","templated":true}]}}