{"id":330,"date":"2018-02-22T11:35:39","date_gmt":"2018-02-22T10:35:39","guid":{"rendered":"http:\/\/www.hexenprozesse-leipzig.de\/?page_id=330"},"modified":"2026-04-29T13:01:56","modified_gmt":"2026-04-29T11:01:56","slug":"aktuelles","status":"publish","type":"page","link":"https:\/\/www.hexenprozesse-leipzig.de\/?page_id=330","title":{"rendered":"Aktuelles"},"content":{"rendered":"\n<p>N\u00e4chstes Offenes Arbeitskreis-Treffen ist am<strong> 07.05.2026 um 16 Uhr in der Frauenkultur<\/strong> (Windscheidstra\u00dfe 51, 04277 Leipzig) &#8212; Interessierte sind herzlich Willkommen!<br \/>Solltet ihr Fragen zu uns und unserer Arbeit haben, sendet uns gern eine Mail an: <br \/><span style=\"color: #993366;\"><strong><em>hallo@hexenprozesse-leipzig.de<\/em><\/strong><\/span><br \/>__________________________________________________________________________________________<br \/><strong>Sa., 30.05.2026 | 14:00 Uhr<\/strong><br \/><strong><span style=\"color: #993366;\">Infostand des AK Hexen auf dem Leipziger Frauenfestival<\/span><br \/><\/strong><em>Ort: Leipziger Marktplatz<br \/><\/em><br \/>Das <em>Siebente Leipziger Frauen*FLINTA*Festival<\/em> ist ein offenes Festival mit vielen K\u00fcnstlerinnen*, mit feministischen Initiativen, mit gro\u00dfem Angebots-und Info-Markt \u2013 mit zahlreichen Unternehmerinnen*, Handwerkerinnen*, Projekt-Gruppen und Vereinen. Es ist ein feministisches Kultur-Festival, das sich gesellschaftspolitisch klar positioniert \u2013 zum Zuh\u00f6ren, zum Miteinander-Reden, zum Mitmachen, zum Tanzen\u2026 und <u>alle<\/u> einl\u00e4dt zum Feiern des wertsch\u00e4tzenden Begegnens &amp; des <em>gemeinsamen Tuns<\/em>.<br \/>Der AK-Hexen hat bei dem Festival von 14:00 bis 18:00 Uhr einen Infostand auf dem Leipziger Marktplatz.<br \/>Kommt vorbei!<br \/><a href=\"https:\/\/www.leipzigerfrauenfestival.de\/\">Frauenfestival Leipzig<\/a><br \/>________________________________________________________________________________________________<\/p>\n<h4><span style=\"color: #000000;\"><strong>Die Ausstellung zur Hexenverfolgung in Leipzig | Sachsen 1450 bis 1750 ist noch bis zum 31.01.2026 in der Leipziger Stadtbibliothek zu sehen!<\/strong><\/span><\/h4>\n<p>\u00dcber die jahrhundertelange Hexenverfolgung \u2013 deren Folgen teilweise bis ins Heute reichen \u2013 existieren viele falsche Vorstellungen. Die Ausstellung informiert zu regionalen sowie \u00fcberregionalen Aspekten; thematisiert Hintergr\u00fcnde und Zusammenh\u00e4nge.<\/p>\n<p><strong>Ort: <\/strong>Leipziger Stadtbibliothek, Wilhelm-Leuschner-Platz 10 \u2013 11, 04107 Leipzig\u00a0<\/p>\n<p>_________________________________________________________________________________________<\/p>\n<p><strong>Di., 20. 01. 2026 | 17.00 Uhr<br \/><\/strong>VORTRAG im Rahmen der Ausstellung \u201eHexenverfolgung in Leipzig | Sachsen\u201c<br \/><strong>Die Hexenprozesse von Salem <br \/><\/strong><em>Veranstaltung des Arbeitskreis Aufarbeitung Hexenverfolgung Leipzig | https:\/\/www.hexenprozesse-leipzig.de\/<\/em><br \/>mit MADELEINE APITZSCH<br \/>Ort: Leipziger Stadtbibliothek | Wilhelm-Leuschner-Platz 10 \u2013 11 | 04107 Leipzig<\/p>\n<p>Vielfach rezipiert in Literatur, Film und Musik ist <em>Salem<\/em> ein Synonym f\u00fcr \u201eHexerei\u201c wie kaum ein anderer Ort. Welche Faktoren daf\u00fcr verantwortlich sind, dass Salem bis heute mit <em>witchcraft<\/em> assoziiert wird und inwiefern historische Ereignisse, neuere k\u00fcnstlerische Rezeptionen, aber auch moderne Marketingstrategien daran Anteil haben, sind Leitfragen des Vortrages.<\/p>\n<p>MADELEINE APITZSCH, Germanistin und Historikerin. Ihre Forschungsschwerpunkte sind fr\u00fchneuzeitliche Hexenverfolgungen, historische Kriminalit\u00e4tsforschung, Stadtgeschichtsforschung sowie Rezeptionsgeschichte.<\/p>\n<p>Eintritt: nach Selbsteinsch\u00e4tzung<\/p>\n<p>_________________________________________________________________________________________________<\/p>\n<p><strong>Mi., 11.02.2026 | <\/strong>17.00 Uhr<br \/>VORTRAG &amp; GESPR\u00c4CH<br \/><strong>Hexen &amp; Tiere im M\u00e4rchen<br \/><\/strong>Veranstaltung im Rahmen der Ausstellung des <em>Arbeitskreises Aufarbeitung Hexenverfolgung Leipzig<br \/><\/em>mit CHRISTIANE DIETERING, Autorin und PEGGY BURIAN, Soziologin und M\u00e4rchenerz\u00e4hlerin<br \/>Ort: Leipziger Stadtbibliothek | Wilhelm-Leuschner-Platz 10 \u2013 11 | 04107 Leipzig<\/p>\n<p>Hexen und ihre tierischen Begleiterinnen und Begleiter geh\u00f6ren zu den bekanntesten M\u00e4rchenfiguren. Doch wie haben sie den Weg in die Literatur gefunden? Und wodurch wurden ihre Darstellungen gepr\u00e4gt? Dies und mehr ist heute zu erfahren. || Eintritt: frei<\/p>\n<p>Veranstaltung des <em>Arbeitskreis Aufarbeitung Hexenverfolgung Leipzig<\/em> | https:\/\/www.hexenprozesse-leipzig.de\/<br \/>________________________________________________________________________________________________________<\/p>\n\n\n\n<p><strong>Fr., 15. 08. 2025 | 17.00 Uhr<br \/><\/strong><em>Im Rahmen der Ausstellung Hexenverfolgung in Leipzig | Sachsen<\/em><br \/><strong>Kr\u00e4uterspaziergang<br \/><\/strong>mit PEGGY BURIAN, Soziologin, M\u00e4rchenerz\u00e4hlerin<br \/><strong>Ort: <\/strong>Leipziger Stadtbibliothek, Wilhelm-Leuschner-Platz 10 \u2013 11, 04107 Leipzig<\/p>\n<p>Am 15. August feiert die katholische Kirche das \u00e4lteste Marienfest, die Kr\u00e4uterweihe \u2013 und \u00fcbernahm damit einen vorchristlichen Brauch, bei dem Heilkr\u00e4uter gesegnet wurden, um deren Wirkkraft zu erh\u00f6hen. Die Betrachtungsweise von Kr\u00e4utern und Pflanzen und deren Anwendung hat mit der Hexenverfolgung eine Ver\u00e4nderung erfahren. Noch heute werden Kr\u00e4uter als Heilmittel skeptisch gesehen. Doch in den letzten Jahren w\u00e4chst das Interesse daran best\u00e4ndig. Nach einer kleinen Einf\u00fchrung wollen wir schauen, welche Pflanzen und Kr\u00e4uter an diesem Tag im Umfeld der Stadtbibliothek zu finden sind und wie sie verwendet werden k\u00f6nnen.<br \/><em>Eintritt: frei<\/em><\/p>\n<p><strong>_________________________________________________________________________________________________\u00a0<\/strong><\/p>\n<p><strong>Mo., 14. 07. 2025 | 17.00 Uhr<br \/><\/strong>Ausstellungser\u00f6ffnung<br \/><strong>Hexenverfolgung in Leipzig | Sachsen 1450 bis 1750 <br \/><\/strong><em>erarbeitet vom Offenen Arbeitskreis Aufarbeitung Hexenverfolgung des Soziokulturellen Zentrums Frauenkultur Leipzig<br \/><\/em>\u00dcber die jahrhundertelange Hexenverfolgung \u2013 deren Folgen teilweise bis ins Heute reichen \u2013 existieren viele falsche Vorstellungen. Die Ausstellung informiert zu regionalen sowie \u00fcberregionalen Aspekten; thematisiert Hintergr\u00fcnde und Zusammenh\u00e4nge.<\/p>\n<p><strong>Ort: <\/strong>Leipziger Stadtbibliothek, Wilhelm-Leuschner-Platz 10 \u2013 11, 04107 Leipzig | https:\/\/www.hexenprozesse-leipzig.de\/<\/p>\n<p>\u00a0<\/p>\n<p>_________________________________________________________________________________________________________<\/p>\n<p><strong>Fr., 11. 07. 2025 | 18:00 &#8211; 20:00 Uhr<br \/><\/strong>STADTRUNDGANG\u00a0\u00a0\u00a0 <br \/><strong>Hexenprozesse im Amt Leipzig (1479 &#8211; 1730)<br \/><\/strong>mit MADELEINE APITZSCH, Germanistin \/ Historikerin<\/p>\n<p>Prozesse zu Hexerei in der Fr\u00fchen Neuzeit gestalteten sich hinsichtlich der Verfolgungsintensit\u00e4t, der Denunziationsgr\u00fcnde sowie der Verfahrensabl\u00e4ufe regional sehr unterschiedlich. Der Stadtrundgang gibt einen Einblick in die Gerichtspraxis im Amt Leipzig sowie in lokale rechtliche Entwicklungen. Dar\u00fcber hinaus werden einzelne Prozesse, die zwischen 1479 und 1730 in Leipzig stattfanden, vorgestellt.<\/p>\n<p>Treffpunkt: vor dem Alten Rathaus \/ marktseitig | Anmeldung bitte bis <strong>09.07.2025 <br \/><\/strong>Teilnahmegeb\u00fchr: 8,- | 6,- Euro erm\u00e4\u00dfigt.<\/p>\n<p><strong>_________________________________________________________________________________________________________<\/strong><\/p>\n<p><em>Es besteht die M\u00f6glichkeit, dass der Arbeitskreis Facharbeiten zum Thema Hexenverfolgung unterst\u00fctzt<\/em><\/p>\n","protected":false},"excerpt":{"rendered":"<p>N\u00e4chstes Offenes Arbeitskreis-Treffen ist am 07.05.2026 um 16 Uhr in der Frauenkultur (Windscheidstra\u00dfe 51, 04277 Leipzig) &#8212; Interessierte sind herzlich<\/p>\n","protected":false},"author":1,"featured_media":0,"parent":0,"menu_order":1,"comment_status":"closed","ping_status":"closed","template":"","meta":{"spay_email":"","footnotes":""},"class_list":["post-330","page","type-page","status-publish","hentry"],"wps_subtitle":"","jetpack_shortlink":"https:\/\/wp.me\/P8M4Ig-5k","jetpack_likes_enabled":true,"_links":{"self":[{"href":"https:\/\/www.hexenprozesse-leipzig.de\/index.php?rest_route=\/wp\/v2\/pages\/330","targetHints":{"allow":["GET"]}}],"collection":[{"href":"https:\/\/www.hexenprozesse-leipzig.de\/index.php?rest_route=\/wp\/v2\/pages"}],"about":[{"href":"https:\/\/www.hexenprozesse-leipzig.de\/index.php?rest_route=\/wp\/v2\/types\/page"}],"author":[{"embeddable":true,"href":"https:\/\/www.hexenprozesse-leipzig.de\/index.php?rest_route=\/wp\/v2\/users\/1"}],"replies":[{"embeddable":true,"href":"https:\/\/www.hexenprozesse-leipzig.de\/index.php?rest_route=%2Fwp%2Fv2%2Fcomments&post=330"}],"version-history":[{"count":107,"href":"https:\/\/www.hexenprozesse-leipzig.de\/index.php?rest_route=\/wp\/v2\/pages\/330\/revisions"}],"predecessor-version":[{"id":950,"href":"https:\/\/www.hexenprozesse-leipzig.de\/index.php?rest_route=\/wp\/v2\/pages\/330\/revisions\/950"}],"wp:attachment":[{"href":"https:\/\/www.hexenprozesse-leipzig.de\/index.php?rest_route=%2Fwp%2Fv2%2Fmedia&parent=330"}],"curies":[{"name":"wp","href":"https:\/\/api.w.org\/{rel}","templated":true}]}}