{"id":468,"date":"2019-06-18T20:25:53","date_gmt":"2019-06-18T18:25:53","guid":{"rendered":"http:\/\/www.hexenprozesse-leipzig.de\/?page_id=468"},"modified":"2023-10-16T11:36:41","modified_gmt":"2023-10-16T09:36:41","slug":"zweiter-fachtag-zur-hexenverfolgung","status":"publish","type":"page","link":"https:\/\/www.hexenprozesse-leipzig.de\/?page_id=468","title":{"rendered":"Fachtag Hexenverfolgung"},"content":{"rendered":"\n<p class=\"has-medium-font-size\"> <strong>15. 11. 2019 | 14.00 bis ca. 19.00 Uhr<\/strong> <br><strong>Zweiter Fachtag des Arbeitskreises zur Aufarbeitung der Hexenverfolgung in Leipzig.<br><\/strong><br><em>Programm<\/em>:<br>14.00 Uhr  <br><strong>Begr\u00fc\u00dfung<\/strong> und Vorstellung des Arbeitskreis Aufarbeitung Hexenverfolgung | Leipzig<\/p>\n\n\n\n<p>14.15 Uhr <br>Musikalisches Intro <strong>HX*1479&nbsp;<\/strong><br>Komposition &amp; Spiel: Brunhild Fischer, freischaffende Musikerin u.a. Querfl\u00f6te \/ Traversfl\u00f6te<\/p>\n\n\n\n<p>14.30 Uhr <br><strong>N\u00e4here Vorstellung einiger Hexenprozesse in Leipzig<\/strong><br>Madeleine Apitzsch<\/p>\n\n\n\n<p>1479 fand in Leipzig der (z.Z.) erste bekannte Prozess in\nLeipzig statt. Angeklagt wurde eine Frau, genannt die Slezieryn. Die ihr\nvorgeworfene strafbare Handlung lautete <em>Zauberei<\/em>.\nBis ins Jahr 1730 sind f\u00fcr Leipzig 29 weitere Prozesse anhand der historischen\nQuellen nachweisbar. Den Angeklagten wurden Delikte wie Schadenszauber,\nHostienfrevel und das Schlie\u00dfen eines Teufelsb\u00fcndnisses vorgeworfen. Einige\nF\u00e4lle werden nach Transkription der Akten im Detail vorgestellt.<\/p>\n\n\n\n<p>15:15 Uhr<br><strong>Formen des Gedenken an die Opfer der Hexenprozesse in Deutschland und Europa<\/strong><br>Multimedialer Vortrag von Hartmut Hegeler, Unna <\/p>\n\n\n\n<p>Auch nach Jahrhunderten bewegt das Leiden der unschuldigen\nOpfer der gro\u00dfen Hexenverfolgung die Menschen. Mancherorts entbrennen heftige\nDiskussionen, ob ein Gedenkstein oder eine Gedenk-tafel zu ihrer Erinnerung\naufgestellt werden soll. Denkm\u00e4ler geben der Vergangenheit ein Gesicht,\nvermitteln historische Informationen und erinnern \u00f6ffentlich an Schicksale. So\nk\u00f6nnen Menschen heute an historischem Ort von den Ereignissen erfahren. <\/p>\n\n\n\n<p>Dr. Richard von Weizs\u00e4cker, Bundespr\u00e4sident a.D., sagte\nin diesem Zusammenhang: &#8222;Wer vor der Vergangenheit die Augen verschlie\u00dft,\nwird blind f\u00fcr die Gegenwart.&#8220; <\/p>\n\n\n\n<p>Hartmut Hegeler setzt sich seit vielen Jahren aktiv f\u00fcr die Rehabilitierung der Opfer von Hexenprozessen ein. Er ist Gr\u00fcnder des Arbeitskreises <em>Hexenverfolgung in Westfalen<\/em> sowie Initiator der Webseite <em>Anton Praetorius<\/em>. In seiner Pr\u00e4sentation gibt er einen \u00dcberblick zu Orten des Gedenkens und Anregungen zur Gestaltung von Texten und aussagekr\u00e4ftigen Symbolen.<\/p>\n\n\n\n<p><\/p>\n\n\n\n<p>16:00 Uhr<br><strong>Hexen\u2026 gefunden bei Louise Otto-Peters<\/strong><br>Dr. Sandra Berndt &amp; Stephan Klein<\/p>\n\n\n\n<p>Bei unserem Fachtag m\u00f6chten wir einen weiteren lokalen\nBezug herstellen \u2013 in diesem Jahr besonders zu Louise Otto-Peters \u2013 Autorin,\nJournalistin, Frauenrechtlerin (1819 in Mei\u00dfen geboren; Jahrzehnte bis zu ihrem\nTod 1895 in Leipzig lebend). In ihren \u201eHexengeschichten\u201c, in ihren\nFrauenportr\u00e4ts, in ihrem Roman \u201eN\u00fcrnberg\u201c oder in ihren \u201eMahnungen zur\nHexenzeit\u201c verfasste sie faktenbasierte Erz\u00e4hlungen oder journalistische\nBeitr\u00e4ge und vor allem demokratisch-humanistisch politisch motivierte Schriften\nf\u00fcr eine gleichberechtigte Gesellschaft.<\/p>\n\n\n\n<p><strong>Pause<\/strong> \u2026mit\nkleinem Imbiss<\/p>\n\n\n\n<p>17.30 Uhr<br><strong>Verehrt, verfolgt, verherrlicht &#8211; Das Hexenbild im Zerrspiegel der  Zeit<\/strong><br>Bildvortrag mit Dr. Claudia M\u00fcller-Ebeling, Hamburg<\/p>\n\n\n\n<p>Es gibt keine Hexen. Aber zahlreiche Bilder, die unser kollektives Bildged\u00e4chtnis und unsere Sicht auf Hexen nachhaltig pr\u00e4gten. Das illustriert die Kunsthistorikerin mit zahlreichen Gem\u00e4lden und Holzschnitten.<br>Doch warum malten K\u00fcnstler Hexen? F\u00fcr welchen Ort und f\u00fcr welche Auftraggebenden? Was bedeuten allgegenw\u00e4rtige zentrale Motive wie Hexenbesen, Kessel, Katze und Ziegenbock? <br>Kaum gestellte Fragen und wenig beachtete Details, die mitten ins Schwarze des Themas zielen. Solide recherchierte Fakten und erhellende Einblicke in die vielschichtige Symbolik bieten eine neue Sicht auf das &#8211; bis heute &#8211; vielfach verzerrte Hexenbild (und die ern\u00fcchternde Erkenntnis, dass es in Bildern keine Hexenkr\u00e4uter gibt). <br> Ob in heidnischer Zeit als Heilerin verehrt, in der fr\u00fchen Neuzeit als Teufelsbuhlin und Hexe d\u00e4monisiert und verfolgt oder als weibliche Heroin von der Frauenbewegung vereinnahmt und verherrlicht &#8211; eignete sich die Hexe als Projektionsfigur im immer neu aufflammenden Kampf widerstreitender Weltbilder.&nbsp; <\/p>\n\n\n\n<p>Dr. phil. Claudia M\u00fcller-Ebeling, studierte Kunstgeschichte, Ethnologie, Indologie und Literatur-wissenschaft in Freiburg, Hamburg, Paris und Florenz. Promovierte in Kunstgeschichte \u00fcber vision\u00e4re Malerei im 19. Jahrhundert am Beispiel des franz\u00f6sischen symbolistischen Malers Odilon Redon. <br>Freischaffende Wissenschaftlerin, Referentin (im In- und Ausland), Autorin &amp; \u00dcbersetzerin <\/p>\n\n\n\n<p><strong>Abschluss<\/strong>\ngegen 19 Uhr<\/p>\n\n\n\n<p>Anmeldung bitte bis zum 11.11.2019 unter: hallo@frauenkultur-leipzig.de\n| Telefon: 0341 \u2013 213 00 30 <\/p>\n\n\n\n<p>Die Anmeldung ist verbindlich nach Eingang der\nTeilnahmegeb\u00fchr unter: Frauenkultur e.V. Leipzig | Sparkasse Leipzig,\nIBAN: DE06 8605 5592 1161 0048 38, SWIFT-BIC: WELADE8LXXX <\/p>\n\n\n\n<p>Die Frauenkultur ist durch Treppen (Eingangsbereich;\nWC-Zugang) leider nicht barrierefrei.<\/p>\n\n\n\n<p>Dieser Fachtag wird gef\u00f6rdert durch das Kulturamt der\nStadt Leipzig und private Spender*innen.<\/p>\n","protected":false},"excerpt":{"rendered":"<p>15. 11. 2019 | 14.00 bis ca. 19.00 Uhr Zweiter Fachtag des Arbeitskreises zur Aufarbeitung der Hexenverfolgung in Leipzig.Programm:14.00 Uhr<\/p>\n","protected":false},"author":1,"featured_media":0,"parent":0,"menu_order":1,"comment_status":"closed","ping_status":"closed","template":"","meta":{"spay_email":"","footnotes":""},"class_list":["post-468","page","type-page","status-publish","hentry"],"wps_subtitle":"","jetpack_shortlink":"https:\/\/wp.me\/P8M4Ig-7y","jetpack_likes_enabled":true,"_links":{"self":[{"href":"https:\/\/www.hexenprozesse-leipzig.de\/index.php?rest_route=\/wp\/v2\/pages\/468","targetHints":{"allow":["GET"]}}],"collection":[{"href":"https:\/\/www.hexenprozesse-leipzig.de\/index.php?rest_route=\/wp\/v2\/pages"}],"about":[{"href":"https:\/\/www.hexenprozesse-leipzig.de\/index.php?rest_route=\/wp\/v2\/types\/page"}],"author":[{"embeddable":true,"href":"https:\/\/www.hexenprozesse-leipzig.de\/index.php?rest_route=\/wp\/v2\/users\/1"}],"replies":[{"embeddable":true,"href":"https:\/\/www.hexenprozesse-leipzig.de\/index.php?rest_route=%2Fwp%2Fv2%2Fcomments&post=468"}],"version-history":[{"count":6,"href":"https:\/\/www.hexenprozesse-leipzig.de\/index.php?rest_route=\/wp\/v2\/pages\/468\/revisions"}],"predecessor-version":[{"id":592,"href":"https:\/\/www.hexenprozesse-leipzig.de\/index.php?rest_route=\/wp\/v2\/pages\/468\/revisions\/592"}],"wp:attachment":[{"href":"https:\/\/www.hexenprozesse-leipzig.de\/index.php?rest_route=%2Fwp%2Fv2%2Fmedia&parent=468"}],"curies":[{"name":"wp","href":"https:\/\/api.w.org\/{rel}","templated":true}]}}