{"id":623,"date":"2020-11-15T13:16:49","date_gmt":"2020-11-15T12:16:49","guid":{"rendered":"http:\/\/www.hexenprozesse-leipzig.de\/?page_id=623"},"modified":"2022-02-15T13:06:57","modified_gmt":"2022-02-15T12:06:57","slug":"gedenktafel","status":"publish","type":"page","link":"https:\/\/www.hexenprozesse-leipzig.de\/?page_id=623","title":{"rendered":"Gedenktafel"},"content":{"rendered":"\n<p style=\"text-align: left;\"><br \/><strong>Einweihung der Gedenktafel f\u00fcr die Opfer der Hexenverfolgung in Leipzig | Sachsen<\/strong><br \/><strong>am Alten Rathaus Leipzig | Arkaden-Gang marktseitig | am 12.11.2020<\/strong><span style=\"color: #666699;\"><strong><br \/><\/strong><\/span><br \/><img loading=\"lazy\" decoding=\"async\" class=\" wp-image-632 aligncenter\" src=\"http:\/\/www.hexenprozesse-leipzig.de\/wp-content\/uploads\/2020\/11\/HX-12_11_2020-300x225.jpg\" alt=\"\" width=\"477\" height=\"358\" srcset=\"https:\/\/www.hexenprozesse-leipzig.de\/wp-content\/uploads\/2020\/11\/HX-12_11_2020-300x225.jpg 300w, https:\/\/www.hexenprozesse-leipzig.de\/wp-content\/uploads\/2020\/11\/HX-12_11_2020-rotated.jpg 577w\" sizes=\"auto, (max-width: 477px) 100vw, 477px\" \/><span style=\"color: #000000;\"><br \/>Text der Tafel:<\/span><br \/><span style=\"color: #000000;\"><em>Hexenverfolgung in Leipzig<br \/><\/em><em style=\"font-size: 1.125rem;\">Im Alten Rathaus hatten das Stadtgericht und der f\u00fcr ganz Kursachsen t\u00e4tige Sch\u00f6ffenstuhl ihren Sitz.<br \/><\/em><em style=\"font-size: 1.125rem;\">Beide Gerichte f\u00e4llten auch Urteile zu Zauberei und Hexerei. Von der Mitte des 15. Jahrhunderts bis <\/em><em>zum Jahr 1730 wurden mindestens 250 Frauen, M\u00e4nner und Kinder verurteilt &#8211; davon 72 zum Tod. <\/em><em>Das damit verbundene Leid mahnt heute zu Toleranz, Gerechtigkeit und Wahrung der <\/em><em>Menschenw\u00fcrde.<\/em><\/span><br \/><em><span style=\"color: #000000;\">Stadt Leipzig | Arbeitskreis Aufarbeitung der Hexenverfolgung | 2020<br \/><br \/><\/span><\/em><\/p>\n<div class=\"wp-block-file\"><a href=\"http:\/\/www.hexenprozesse-leipzig.de\/wp-content\/uploads\/2020\/11\/HX2020_GTafel_Fly.pdf\">HX2020_GTafel_Fly<\/a><a class=\"wp-block-file__button\" href=\"http:\/\/www.hexenprozesse-leipzig.de\/wp-content\/uploads\/2020\/11\/HX2020_GTafel_Fly.pdf\" download=\"\">Herunterladen<\/a><\/div>\n<p style=\"text-align: left;\"><\/p>\n<p style=\"text-align: left;\"><br \/><span style=\"color: #000000;\">Am 13.11.2015 veranstaltete das Soziokulturelle Zentrum Frauenkultur Leipzig einen \u201eFachtag zur Hexenverfolgung in <\/span><span style=\"color: #000000;\">Sachsen: Als Hexe verfolgt und ermordet\u2026\u201c. In der Einladung zu diesem Fachtag hie\u00df es u.a.: <\/span><span style=\"color: #000000;\">\u201eZur Geschichte Leipzigs und Sachsens geh\u00f6rt auch das Unrecht jahrhundertelanger Hexenverfolgung. Dazu gibt es bis <\/span><span style=\"color: #000000;\">heute kaum \u00f6ffentliche Reflektionen. Aber die \u00f6ffentliche Auseinandersetzung \u00fcber das Benennen von nachweisbarem Unrecht tr\u00e4gt immer auch die Option in sich, gesellschaftliche Zusammenh\u00e4nge zu erkennen und eine Form der <\/span><span style=\"color: #000000;\">Rehabilitierung von unschuldig ermordeten Frauen, M\u00e4nnern und Kindern zu finden, selbst wenn diese viele hundert<\/span><br \/><span style=\"color: #000000;\">Jahre sp\u00e4ter stattfindet. Dieser Fachtag bietet M\u00f6glichkeiten der Diskussion und der Verst\u00e4ndigung zu einem noch viel <\/span><span style=\"color: #000000;\">zu wenig aufgearbeiteten Thema\u2026 auch in regionalen Bez\u00fcgen.\u201c<br \/><\/span><span style=\"color: #000000;\">Im Anschluss an diesen Fachtag gr\u00fcndete sich der \u201eArbeitskreis zur Aufarbeitung der Hexenverfolgung in Mittelalter und <\/span><span style=\"color: #000000;\">Fr\u00fcher Neuzeit | Leipzig und Sachsen\u201c. In den monatlichen Treffen wurde u.a. eine gleichnamige Ausstellung erarbeitet.<\/span><br \/><span style=\"color: #000000;\">Diese war Teil des Programms zu \u201eReformation 2017 \u2013 Kirchentage auf dem Weg\u201c und konnte in erweiterten Form im <\/span><span style=\"color: #000000;\">M\u00e4rz 2020 in der Volkshochschule Leipzig er\u00f6ffnet werden. Der Arbeitskreis arbeitet generations- und fachbereichs\u00fcbergreifend. Interessierte Menschen sind immer willkommen.\u00a0 <br \/><\/span><span style=\"color: #000000;\">2018 stellte der Arbeitskreis im Beirat f\u00fcr Gleichstellung der Stadt Leipzig einen Antrag, um \u201eeinen Ort des Gedenkens im <\/span><span style=\"color: #000000;\">\u00f6ffentlichen Raum zu schaffen.\u201c Dem stimmte der Beirat f\u00fcr Gleichstellung im September 2018 einstimmig zu \u2013 und <\/span><span style=\"color: #000000;\">brachte diesen Antrag in den Leipziger Stadtrat ein.<\/span><br \/><span style=\"color: #000000;\">In \u00fcber 50 St\u00e4dten Deutschlands haben sich gew\u00e4hlte Kommunalvertretungen entschieden, die Opfer von Hexereiprozessen zu rehabilitieren \u2013 u. a. in K\u00f6ln, Lutherstadt Wittenberg und Dortmund. Ebenso gibt es Stellungnahmen der <\/span><span style=\"color: #000000;\">Evangelischen Kirche Deutschland (EKD) \u2013 u.a. 2016 durch Dr. Heinrich Bedford-Strohm. Auch Papst Franziskus benannte <\/span><span style=\"color: #000000;\">im April 2016 erstmals dieses jahrhundertelang begangene Unrecht.<\/span><br \/><span style=\"color: #000000;\">Am 13. M\u00e4rz 2019 kam der Antrag \u201eOpfer der Hexenverfolgung gedenken\u201c im Leipziger Stadtrat mit folgendem Wortlaut <\/span><span style=\"color: #000000;\">zur Abstimmung: <\/span><span style=\"color: #000000;\">Die Stadt Leipzig setzt mit einer Gedenktafel f\u00fcr die Opfer der Hexenverfolgung ein Zeichen gegen <\/span><span style=\"color: #000000;\">menschenverachtende Gewalt. <\/span><span style=\"color: #000000;\">Als Ort des Gedenkens wird das Geb\u00e4ude des Alten Rathauses oder dessen Umfeld gepr\u00fcft.<\/span><br \/><span style=\"color: #000000;\">Abstimmungsergebnis: mehrheitlich angenommen bei vier Gegenstimmen und keiner Enthaltung<\/span><br \/><span style=\"color: #000000;\">F\u00fcnf Jahre nach dem ersten Fachtag wird am 12.11.2020 am Alten Rathaus eine Gedenktafel eingeweiht werden. Dies <\/span><span style=\"color: #000000;\">wurde m\u00f6glich durch die Arbeit vieler engagierter Einzelner, durch die Arbeit des AK Aufarbeitung Hexenverfolgung \u2013 in <\/span><span style=\"color: #000000;\">Abstimmung mit dem Stadtgeschichtlichen Museum Leipzig und durch die freundliche Unterst\u00fctzung des Kulturamtes der <\/span><span style=\"color: #000000;\">Stadt Leipzig.<\/span><br \/><span style=\"color: #000000;\">Bei allen m\u00f6chten wir uns an dieser Stelle herzlich bedanken!<br \/><\/span><br \/><strong>Links:\u00a0<\/strong><br \/>Das Leipziger Kulturamt informiert zur Gedenktafel\u00a0<a href=\"file:\/\/\/D:\/Downloads\/Das%20Kulturamt%20informiert.pdf\"><br \/><\/a><\/p>\n<p><\/p>\n<div class=\"wp-block-file\"><a href=\"http:\/\/www.hexenprozesse-leipzig.de\/wp-content\/uploads\/2022\/02\/Gedenktafel-Hexenverfolgung-1.pdf\">Gedenktafel-Hexenverfolgung<\/a><a class=\"wp-block-file__button\" href=\"http:\/\/www.hexenprozesse-leipzig.de\/wp-content\/uploads\/2022\/02\/Gedenktafel-Hexenverfolgung-1.pdf\" download=\"\">Herunterladen<\/a><\/div>\n<p><\/p>\n<p style=\"text-align: left;\">Pressemitteilung der Frauenkultur<a href=\"file:\/\/\/D:\/Downloads\/HX_Presse_zum%2012.11.2020%20(1).pdf\"><br \/><\/a><\/p>\n<div class=\"wp-block-file\"><a href=\"http:\/\/www.hexenprozesse-leipzig.de\/wp-content\/uploads\/2020\/11\/HX_Presse_zum-12.11.2020.pdf\">HX_Presse_zum 12.11.2020<\/a><a class=\"wp-block-file__button\" href=\"http:\/\/www.hexenprozesse-leipzig.de\/wp-content\/uploads\/2020\/11\/HX_Presse_zum-12.11.2020.pdf\" download=\"\">Herunterladen<\/a><\/div>\n<p style=\"text-align: left;\"><a href=\"file:\/\/\/D:\/Downloads\/HX_Presse_zum%2012.11.2020%20(1).pdf\"><\/a><\/p>\n<p style=\"text-align: left;\">__________________________________________________________________________________________________<br \/><br \/><b><span style=\"color: #000000;\">Do., 12. 11. 2020 <\/span><\/b><span style=\"color: #000000;\">|<strong>\u00a011.00 Uhr<\/strong><\/span><br \/>EINWEIHNUNG GEDENKTAFEL<br \/><b><span style=\"color: #666699;\">Hexenverfolgung in Leipzig<\/span><br \/><\/b><span style=\"color: #000000;\">Am 13.03.2019 beschloss der Leipziger Stadtrat aufgrund eines Antrages des AK Aufarbeitung Hexenverfolgung Leipzig: \u201eDie Stadt Leipzig setzt mit einer Gedenktafel f\u00fcr die Opfer der Hexenverfolgung ein Zeichen gegen menschenverachtende Gewalt\u2026\u201c Die Einweihung dieser Gedenktafel wird vorgenommen von dem Direktor des Stadtgeschichtlichen Museums Dr. Anselm Hartinger und Sprecher*innen des Arbeitskreises.<b><br \/><\/b>Ort: Neues Rathaus, Arkaden<\/span><\/p>\n\n\n\n\n\n<div class=\"wp-block-file\"><a href=\"http:\/\/www.hexenprozesse-leipzig.de\/wp-content\/uploads\/2020\/12\/Tafel.jpg\">Tafel<\/a><a href=\"http:\/\/www.hexenprozesse-leipzig.de\/wp-content\/uploads\/2020\/12\/Tafel.jpg\" class=\"wp-block-file__button\" download>Herunterladen<\/a><\/div>\n","protected":false},"excerpt":{"rendered":"","protected":false},"author":1,"featured_media":0,"parent":0,"menu_order":0,"comment_status":"closed","ping_status":"closed","template":"","meta":{"spay_email":"","footnotes":""},"class_list":["post-623","page","type-page","status-publish","hentry"],"wps_subtitle":"","jetpack_shortlink":"https:\/\/wp.me\/P8M4Ig-a3","jetpack_likes_enabled":true,"_links":{"self":[{"href":"https:\/\/www.hexenprozesse-leipzig.de\/index.php?rest_route=\/wp\/v2\/pages\/623","targetHints":{"allow":["GET"]}}],"collection":[{"href":"https:\/\/www.hexenprozesse-leipzig.de\/index.php?rest_route=\/wp\/v2\/pages"}],"about":[{"href":"https:\/\/www.hexenprozesse-leipzig.de\/index.php?rest_route=\/wp\/v2\/types\/page"}],"author":[{"embeddable":true,"href":"https:\/\/www.hexenprozesse-leipzig.de\/index.php?rest_route=\/wp\/v2\/users\/1"}],"replies":[{"embeddable":true,"href":"https:\/\/www.hexenprozesse-leipzig.de\/index.php?rest_route=%2Fwp%2Fv2%2Fcomments&post=623"}],"version-history":[{"count":18,"href":"https:\/\/www.hexenprozesse-leipzig.de\/index.php?rest_route=\/wp\/v2\/pages\/623\/revisions"}],"predecessor-version":[{"id":809,"href":"https:\/\/www.hexenprozesse-leipzig.de\/index.php?rest_route=\/wp\/v2\/pages\/623\/revisions\/809"}],"wp:attachment":[{"href":"https:\/\/www.hexenprozesse-leipzig.de\/index.php?rest_route=%2Fwp%2Fv2%2Fmedia&parent=623"}],"curies":[{"name":"wp","href":"https:\/\/api.w.org\/{rel}","templated":true}]}}