{"id":704,"date":"2021-05-28T11:11:40","date_gmt":"2021-05-28T09:11:40","guid":{"rendered":"http:\/\/www.hexenprozesse-leipzig.de\/?page_id=704"},"modified":"2022-02-15T13:13:19","modified_gmt":"2022-02-15T12:13:19","slug":"empfehlungen","status":"publish","type":"page","link":"https:\/\/www.hexenprozesse-leipzig.de\/?page_id=704","title":{"rendered":"Empfehlungen"},"content":{"rendered":"\n<p class=\"has-black-color has-text-color\"><em>Ausstellung des Staatsarchivs Marburg zu Hexenglaube und Hexenverfolgung in Hessen<\/em><br><a href=\"https:\/\/ausstellungen.deutsche-digitale-bibliothek.de\/hexenverfolgung\/#s0\">https:\/\/ausstellungen.deutsche-digitale-bibliothek.de\/hexenverfolgung\/#s0<\/a><\/p>\n\n\n\n<p class=\"has-black-color has-text-color\"><em>Stadtspaziergang der Stadt Marburg zur Hexenverfolgung<\/em><br><a href=\"file:\/\/\/C:\/Users\/ch\/AppData\/Local\/Temp\/broschuere_marburger_hexenroute.pdf\">file:\/\/\/C:\/Users\/ch\/AppData\/Local\/Temp\/broschuere_marburger_hexenroute.pdf<\/a><\/p>\n\n\n\n<p class=\"has-black-color has-text-color\">Ausstellung des M\u00fcnzenberg Forums Berlin &#8222;Maria und der Paragraph&#8220;<br><a href=\"https:\/\/mariaundderparagraph.de\/\">https:\/\/mariaundderparagraph.de\/<\/a><br><br>&#8222;Die Akte Sidonia&#8220; &#8212; ein deutsch-polnisches Projekt zur Geschichte Sidonia von Bockes<br><a href=\"https:\/\/s1620.eu\/\">https:\/\/s1620.eu\/<\/a><\/p>\n\n\n\n<p class=\"has-black-color has-text-color\">Interview mit Herrn Dr. Walther Hauser (Gr\u00fcnder und Pr\u00e4sident der Anna-G\u00f6ldi-Stiftung, die sich gegen Justiz- und Beh\u00f6rdenwillk\u00fcr engagiert und 2017 das Anna G\u00f6ldi Museum in Glarus er\u00f6ffnete.)<br><a href=\"https:\/\/www.youtube.com\/watch?v=HNDhHWsNUj4\">https:\/\/www.youtube.com\/watch?v=HNDhHWsNUj4<\/a><\/p>\n\n\n\n<p class=\"has-black-color has-text-color\">MUVS &#8212; Museum f\u00fcr Verh\u00fctung und Schwangerschaftsabbruch<br><a href=\"https:\/\/muvs.org\/de\/\">Museum f\u00fcr Verh\u00fctung und Schwangerschaftsabbruch (muvs.org)<\/a><\/p>\n\n\n\n<p class=\"has-black-color has-text-color\">Informationen zur Ausstellung &#8222;Hexenwahn. \u00c4ngste der Neuzeit&#8220; von 2002 des Deutschen Historischen Museums<br><a href=\"https:\/\/www.dhm.de\/archiv\/ausstellungen\/hexenwahn\/aufsaetze\/01.htm\">https:\/\/www.dhm.de\/archiv\/ausstellungen\/hexenwahn\/aufsaetze\/01.htm<\/a><\/p>\n\n\n","protected":false},"excerpt":{"rendered":"<p>Ausstellung des Staatsarchivs Marburg zu Hexenglaube und Hexenverfolgung in Hessenhttps:\/\/ausstellungen.deutsche-digitale-bibliothek.de\/hexenverfolgung\/#s0 Stadtspaziergang der Stadt Marburg zur Hexenverfolgungfile:\/\/\/C:\/Users\/ch\/AppData\/Local\/Temp\/broschuere_marburger_hexenroute.pdf Ausstellung des M\u00fcnzenberg Forums<\/p>\n","protected":false},"author":1,"featured_media":0,"parent":0,"menu_order":0,"comment_status":"closed","ping_status":"closed","template":"","meta":{"spay_email":"","footnotes":""},"class_list":["post-704","page","type-page","status-publish","hentry"],"wps_subtitle":"","jetpack_shortlink":"https:\/\/wp.me\/P8M4Ig-bm","jetpack_likes_enabled":true,"_links":{"self":[{"href":"https:\/\/www.hexenprozesse-leipzig.de\/index.php?rest_route=\/wp\/v2\/pages\/704","targetHints":{"allow":["GET"]}}],"collection":[{"href":"https:\/\/www.hexenprozesse-leipzig.de\/index.php?rest_route=\/wp\/v2\/pages"}],"about":[{"href":"https:\/\/www.hexenprozesse-leipzig.de\/index.php?rest_route=\/wp\/v2\/types\/page"}],"author":[{"embeddable":true,"href":"https:\/\/www.hexenprozesse-leipzig.de\/index.php?rest_route=\/wp\/v2\/users\/1"}],"replies":[{"embeddable":true,"href":"https:\/\/www.hexenprozesse-leipzig.de\/index.php?rest_route=%2Fwp%2Fv2%2Fcomments&post=704"}],"version-history":[{"count":7,"href":"https:\/\/www.hexenprozesse-leipzig.de\/index.php?rest_route=\/wp\/v2\/pages\/704\/revisions"}],"predecessor-version":[{"id":879,"href":"https:\/\/www.hexenprozesse-leipzig.de\/index.php?rest_route=\/wp\/v2\/pages\/704\/revisions\/879"}],"wp:attachment":[{"href":"https:\/\/www.hexenprozesse-leipzig.de\/index.php?rest_route=%2Fwp%2Fv2%2Fmedia&parent=704"}],"curies":[{"name":"wp","href":"https:\/\/api.w.org\/{rel}","templated":true}]}}