{"id":710,"date":"2021-05-28T11:18:06","date_gmt":"2021-05-28T09:18:06","guid":{"rendered":"http:\/\/www.hexenprozesse-leipzig.de\/?page_id=710"},"modified":"2026-04-29T12:12:32","modified_gmt":"2026-04-29T10:12:32","slug":"bibliographie","status":"publish","type":"page","link":"https:\/\/www.hexenprozesse-leipzig.de\/?page_id=710","title":{"rendered":"Bibliografie"},"content":{"rendered":"\n<p style=\"text-align: center;\"><strong>Die folgende Bibliografie erhebt keinen Anspruch auf Vollst\u00e4ndigkeit! Es ist lediglich eine Literaturauswahl, zur Anregung f\u00fcr eine erste Auseinandersetzung mit der fr\u00fchneuzeitlichen Hexenverfolgung sowie mit einigen (regional-)spezifischen Themenbereichen.<\/strong><\/p>\n\n\n\n<p>Die j\u00e4hrlich erscheinende Bibliografie zur Geschichte der Hexenverfolgung der Historischen Kommission f\u00fcr Westfalen f\u00fchrt neben den Forschungsarbeiten zur Hexenverfolgung in Westfalen und Lippe auch allgemein einf\u00fchrende sowie \u00fcberregionale Publikationen zum Thema auf.<em><br \/><\/em><em>Bibliografie 2020: <a href=\"https:\/\/www.lwl.org\/hiko-download\/HiKo-Materialien_017_(2020-10).pdf\">https:\/\/www.lwl.org\/hiko-download\/HiKo-Materialien_017_(2020-10).pdf<\/a><br \/><br \/><\/em><\/p>\n<p><strong><em>Einf\u00fchrende Literatur\/\u00dcberblick zu fr\u00fchneuzeitlichen Hexenprozessen in Europa<\/em><\/strong><\/p>\n<ul>\n<li>Behringer, Wolfgang: Hexen und Hexenprozesse, 2. Aufl., M\u00fcnchen 1993.<\/li>\n<li>Behringer, Wolfgang: Hexen. Glaube. Verfolgung. Vermarktung. 4. Aufl., M\u00fcnchen 2005.<\/li>\n<li>Behringer, Wolfgang: Neun Millionen Hexen. Entstehung, Tradition und Kritik eines popul\u00e4ren Mythos, in: Geschichte in Wissenschaft und Unterricht 49 (1988), S. 664\u2013685.<\/li>\n<li>Levack, Brian Paul: The Witch-Hunt in Early Modern Europe, London\/New York 1987. [dt. Levack, Brian: Hexenjagd. Die Geschichte der Hexenverfolgungen in Europa, 6. Aufl., M\u00fcnchen 2020.]<\/li>\n<li>Rummel,Walter\/Voltmer, Rita: Hexen und Hexenverfolgung in der Fr\u00fchen Neuzeit. 2. Aufl., Darmstadt 2008.<\/li>\n<li>Voltmer, Rita: Hexen. Wissen was stimmt. Freiburg im Breisgau 2008.<\/li>\n<\/ul>\n<p><strong><em>Regionale Studien (Sachsen, Sachsen-Anhalt, Th\u00fcringen)<\/em><\/strong><\/p>\n<ul>\n<li>Apitzsch, Madeleine: Die Hexerei- und Zaubereiprozesse im Amt Leipzig 1479\u20131730, in: Jahrbuch f\u00fcr Leipziger Stadtgeschichte 2 (2022), S. 9\u201345.<\/li>\n<li>Apitzsch, Madeleine: Das Leipziger Stadtgericht und die Prozesse um Hexerei und Zauberei 1618\u20131730, in: Jahrbuch f\u00fcr Leipziger Stadtgeschichte 3 (2023), S. 125\u2013152.<\/li>\n<li>F\u00fcssel, Ronald: Hexen und Hexenverfolgung in Th\u00fcringen, (Landeszentrale f\u00fcr politische Bildung Th\u00fcringen), 3. Aufl., Erfurt 2021.<\/li>\n<li>L\u00fccke, Monika\/L\u00fccke Dietrich: Ihrer Zauberei halber verbrannt. Hexenverfolgungen in der Fr\u00fchen Neuzeit auf dem Gebiet Sachsen-Anhalts, Halle (Saale) 2011.<\/li>\n<li>Schwerhoff, Gerd: Zentren und treibende Kr\u00e4fte der fr\u00fchneuzeitlichen Hexenverfolgung \u2013 Sachsen im regionalen Vergleich, in: Neues Archiv f\u00fcr s\u00e4chsische Geschichte 79, hg. v. K. Blaschke\/E. B\u00fcnz\/W. M\u00fcller u. A, Neustadt an der Aisch 2008, S. 61\u2013100.<\/li>\n<li>Wilde, Manfred: Die Zauberei- und Hexenprozesse in Kursachsen, K\u00f6ln\/Weimar\/Wien 2003.<\/li>\n<\/ul>\n<p><strong><em>Kriminalit\u00e4tsgeschichte | Rechtsgeschichte | Gerichtspraxis in Kursachsen und Leipzig<\/em><\/strong><\/p>\n<ul>\n<li>D\u00f6ring, Detlef: Justizwesen, in: Geschichte der Stadt Leipzig, Bd. 2: Von der Reformation bis zum Wiener Kongress, hrsg. von Detlef D\u00f6ring, Leipzig 2016, S. 165\u2013177.<\/li>\n<li>Gerhard, Ute (Hg.): Frauen in der Geschichte des Rechts: Von der Fr\u00fchen Neuzeit bis zur Gegenwart. M\u00fcnchen 1999.<\/li>\n<li>Jerouschek, G\u00fcnther\/Schild, Wolfgang\/Gropp, Walter: Benedikt Carpzov. Neue Perspektiven zu einem umstrittenen s\u00e4chsischen Juristen, T\u00fcbingen 2000.<\/li>\n<li>K\u00e4stner, Alexander: Welcher Pfaffe ist ein Schelm? Nachbarschaft, Konflikte und religi\u00f6se Devianz in Leipzig (1640), in: G\u00f6ttlicher Zorn und menschliches Ma\u00df. Religi\u00f6se Abweichung in fr\u00fchneuzeitlichen Stadtgemeinschaften, hrsg. von Gerd Schwerhoff und Alexander K\u00e4stner, Konstanz 2013, S. 183\u2013214.<\/li>\n<li>K\u00e4stner, Alexander\/Scherer, Annette: \u201edie heilige dreyfaltigkeit, salva reverential, angeschie\u00dfenn\u201c. Wahrnehmung und Deutung gottesl\u00e4sterlicher Worte in Leipzig im 17. Jahrhundert, in: Jenseits der Geltung. Konkurrierende Transzendenzbehauptungen von der Antike bis zur Gegenwart, hrsg. von Stephan Dreischer und Christoph Lundgreen, Berlin 2013, S. 85\u2013102.<\/li>\n<li>Kern, Bernd-R\u00fcdiger: Rechtspflege, in: Geschichte der Stadt Leipzig, Bd. 1: Von den Anf\u00e4ngen bis zur Reformation, unter Mitwirkung von Uwe John hrsg. von Enno B\u00fcnz, Leipzig 2015, S. 213\u2013221.<\/li>\n<li>L\u00fcck, Heiner: Benedikt Carpzov (1595\u20131666) und der Leipziger Sch\u00f6ffenstuhl, in: Sachsen im 17. Jahrhundert. Krise, Krieg und Neubeginn, Beucha 1998, S. 101\u2013114.<\/li>\n<li>L\u00fcck: Kurs\u00e4chsische Gerichtsverfassung und h\u00f6chste Gerichtsbarkeit im Alten Reich. Zur Geschichte einer besonderen Wechselbeziehung (1423\u20131559). in: Recht im Wandel \u2013 Wandel des Rechts. Festschrift f\u00fcr J\u00fcrgen Weitzel zum 70. Geburtstag, hg. v. I. Czeguhn, K\u00f6ln\/Weimar\/Wien 2014, S. 303\u2013326.<\/li>\n<li>Ludwig, Ulrike: Das Herz der Justitia. Gewaltpotentiale territorialer Herrschaft in der Strafrechts- und Gnadenpraxis am Beispiel Kursachsens 1548\u20131648, Konstanz 2008.<\/li>\n<li>P\u00e4tzold, Julia: Leipziger gelehrte Sch\u00f6ffenspruchsammlung. Ein Beitrag zur Rezeptionsgeschichte in Kursachsen im 16. Jh., (Schriften zur Rechtsgeschichte 143), Berlin 2009.<\/li>\n<li>R\u00fcdiger, Bernd\/Hommel, Karsten: Kriminalit\u00e4t und Kriminalit\u00e4tsbek\u00e4mpfung in Leipzig in der Fr\u00fchen Neuzeit. Der Bestand \u201eRichterstube\u201c im Stadtarchiv Leipzig, Leipzig 2007.<\/li>\n<li>R\u00fcdiger, Bernd: Kriminalit\u00e4t w\u00e4hrend des Drei\u00dfigj\u00e4hrigen Krieges in Leipzig. Ein Sonderfall innerst\u00e4dtischer Kommunikation, in: Die Stadt als Kommunikationsraum. Beitr\u00e4ge zur Stadtgeschichte vom Mittelalter bis ins 20. Jahrhundert, hrsg. von Helmut Br\u00e4uer und Elke Schlenkrich, Leipzig 2001, S. 609\u2013632.<\/li>\n<li>Saito, Hiroyuki: Jugendliche Gewaltkultur und soziale Kontrolle in der fr\u00fchneuzeitlichen Stadt. Das Beispiel Leipzig ca. 1570\u20131650, Dissertation, TU Dresden 2018.<\/li>\n<li>Steinf\u00fchrer, Henning: Stadtverfassung, in: Geschichte der Stadt Leipzig, Bd. 1: Von den Anf\u00e4ngen bis zur Reformation, unter Mitwirkung von Uwe John hrsg. von Enno B\u00fcnz, Leipzig 2015, S. 183\u2013201.<\/li>\n<\/ul>\n<p><strong><em>Feministische Perspektiven zur Hexenverfolgung<\/em><\/strong><\/p>\n<ul>\n<li>Federici, Silvia: Caliban und die Hexe. Frauen, der K\u00f6rper und die urspr\u00fcngliche Akkumulation, 9. Aufl., Wien\/Berlin 2017.<\/li>\n<li>Wisselinck, Erika: Hexen \u2013 Warum wir so wenig von ihnen wissen, M\u00fcnchen 1986.<\/li>\n<\/ul>\n<p><strong><em>Geschlechtergeschichtliche Perspektiven zur Hexenverfolgung<\/em><\/strong><\/p>\n<ul>\n<li>Ahrend-Schulte, Ingrid\/S\u00f6nke, Lorenz\/ Schmidt, J\u00fcrgen Michael u. a: Geschlecht, Magie und Hexenverfolgung, (Hexenforschung 7), Bielefeld 2002.<br \/>Labouvie, Eva: M\u00e4nner im Hexenprozess. Zur Sozialanthropologie eines \u201em\u00e4nnlichen\u2018 Verst\u00e4ndnisses von Magie und Hexen, in: Der Hexenstreit. Frauen in der fr\u00fchneuzeitlichen Hexenverfolgung, hg. v. C. Opitz, Freiburg\/Basel\/Wien 1995, S. 211\u2013245.<\/li>\n<\/ul>\n<ul>\n<li>Opitz-Belakhal, Claudia: B\u00f6se Weiber. Wissen und Geschlecht in der D\u00e4monologie der Fr\u00fchen Neuzeit, K\u00f6nigstein 2017.<\/li>\n<li>Schwerhoff, Gerd: Hexerei, Geschlecht und Regionalgeschichte. \u00dcberlegungen zur Erkl\u00e4rung des scheinbar Selbstverst\u00e4ndlichen, in: Gisela Wilbertz\/Gerd Schwerhoff\/J\u00fcrgen Scheffler (Hrsg.), Hexenverfolgung und Regionalgeschichte. Die Grafschaft Lippe im Vergleich. (Studien zur Regionalgeschichte 4. Beitr\u00e4ge zur Geschichte der Stadt Lemgo, Bd. 4.) Bielefeld 1994, 325-353; zitiert als: Schwerhoff, Hexerei.<\/li>\n<\/ul>\n<p><strong><em>Medizingeschichte<\/em><\/strong><\/p>\n<ul>\n<li>J\u00fctte, Robert: Geschichte der Abtreibung: von der Antike bis zur Gegenwart. M\u00fcnchen, 1993.<\/li>\n<li>J\u00fctte, Robert: Krankheit und Gesundheit in der Fr\u00fchen Neuzeit, Stuttgart 2013.<\/li>\n<li>Metz-Becker, Marita: Wenn Liebe ohne Folgen bliebe&#8230;: Zur Kulturgeschichte der Verh\u00fctung, Marburg 2006.<\/li>\n<li>M\u00fcller, Wolfgang: Die Abtreibung. Anf\u00e4nge der Kriminalisierung (1140\u20131650). K\u00f6ln\/Weimar\/Wien 2000.<\/li>\n<li>Ranke-Heinemann, Uta: Eunuchen f\u00fcr das Himmelsreich. Katholische Kirche und Sexualit\u00e4t. M\u00fcnchen 1990.<\/li>\n<\/ul>\n<p><strong><em>Gesellschaft in Mittelalter und Fr\u00fcher Neuzeit, Alltagsmagische Glaubenspraktiken<\/em><\/strong><\/p>\n<ul>\n<li>Labouvie, Eva: Hexenspuk und Hexenabwehr. Volksmagie und volkst\u00fcmlicher Hexenglaube, in: Hexenwelten. Magie und Imagination, hg. v. R. van D\u00fclmen, Frankfurt a. M. 1987, S. 49\u201393.<\/li>\n<li>Labouvie, Eva: Wider Wahrsagerei, Segnerei und Zauberei. Kirchliche Versuche zur Ausgrenzung von Aberglaube und Volksmagie seit dem 16. Jahrhundert, in: Verbrechen, Strafen und soziale Kontrolle, (Studien zur historischen Kulturforschung 3), hg. v. R. van D\u00fclmen, Frankfurt a. M. 1990, S. 15\u201355.<\/li>\n<li>Nolte, Cordula: Frauen und M\u00e4nner in der Gesellschaft des Mittelalters, Darmstadt 2011.<\/li>\n<li>Wolf-Graaf, Anke: Die verborgene Geschichte der Frauenarbeit: Eine Bildchronik, Weinheim 1986.<\/li>\n<\/ul>\n<p>\u00a0<\/p>\n","protected":false},"excerpt":{"rendered":"<p>Die folgende Bibliografie erhebt keinen Anspruch auf Vollst\u00e4ndigkeit! Es ist lediglich eine Literaturauswahl, zur Anregung f\u00fcr eine erste Auseinandersetzung mit<\/p>\n","protected":false},"author":1,"featured_media":0,"parent":0,"menu_order":0,"comment_status":"closed","ping_status":"closed","template":"","meta":{"spay_email":"","footnotes":""},"class_list":["post-710","page","type-page","status-publish","hentry"],"wps_subtitle":"","jetpack_shortlink":"https:\/\/wp.me\/P8M4Ig-bs","jetpack_likes_enabled":true,"_links":{"self":[{"href":"https:\/\/www.hexenprozesse-leipzig.de\/index.php?rest_route=\/wp\/v2\/pages\/710","targetHints":{"allow":["GET"]}}],"collection":[{"href":"https:\/\/www.hexenprozesse-leipzig.de\/index.php?rest_route=\/wp\/v2\/pages"}],"about":[{"href":"https:\/\/www.hexenprozesse-leipzig.de\/index.php?rest_route=\/wp\/v2\/types\/page"}],"author":[{"embeddable":true,"href":"https:\/\/www.hexenprozesse-leipzig.de\/index.php?rest_route=\/wp\/v2\/users\/1"}],"replies":[{"embeddable":true,"href":"https:\/\/www.hexenprozesse-leipzig.de\/index.php?rest_route=%2Fwp%2Fv2%2Fcomments&post=710"}],"version-history":[{"count":14,"href":"https:\/\/www.hexenprozesse-leipzig.de\/index.php?rest_route=\/wp\/v2\/pages\/710\/revisions"}],"predecessor-version":[{"id":937,"href":"https:\/\/www.hexenprozesse-leipzig.de\/index.php?rest_route=\/wp\/v2\/pages\/710\/revisions\/937"}],"wp:attachment":[{"href":"https:\/\/www.hexenprozesse-leipzig.de\/index.php?rest_route=%2Fwp%2Fv2%2Fmedia&parent=710"}],"curies":[{"name":"wp","href":"https:\/\/api.w.org\/{rel}","templated":true}]}}