{"id":834,"date":"2022-07-19T11:11:53","date_gmt":"2022-07-19T09:11:53","guid":{"rendered":"http:\/\/www.hexenprozesse-leipzig.de\/?page_id=834"},"modified":"2022-10-11T16:52:44","modified_gmt":"2022-10-11T14:52:44","slug":"gaestefuehrungen-stadtrundgaenge","status":"publish","type":"page","link":"https:\/\/www.hexenprozesse-leipzig.de\/?page_id=834","title":{"rendered":"G\u00e4stef\u00fchrungen \/ Stadtrundg\u00e4nge"},"content":{"rendered":"\n<p><strong>Hexenprozesse im Amt Leipzig (1479-1730)<br \/><\/strong>Mit MADELEINE APITZSCH, Germanistin M.A., Historikerin M.A.<br \/><br \/>Der Stadtrundgang gibt einen Einblick in die fr\u00fchneuzeitliche Gerichtspraxis im Amt Leipzig sowie in lokale rechtliche Entwicklungen. Dar\u00fcber hinaus werden einige Hexereiprozesse, die zwischen 1479 und 1730 in Leipzig stattfanden, vorgestellt.<br \/><br \/>Treffpunkt: <em>vor dem Alten Rathaus \/ Marktseite \/ Eingang Stadtgeschichtliches Museum Leipzig<br \/><\/em>N\u00e4chster Rundgang:<em><strong> 30.10.2022<\/strong> von 17 bis 19 Uhr<br \/><\/em>Anmeldungen \u00fcber: hallo@frauenkultur-leipzig.de<em><br \/><br \/><\/em>_______________________________________________________________________________________________<br \/><strong><img loading=\"lazy\" decoding=\"async\" class=\"alignnone size-full wp-image-845\" src=\"http:\/\/www.hexenprozesse-leipzig.de\/wp-content\/uploads\/2022\/07\/KHM_06_gk.jpg\" alt=\"\" width=\"583\" height=\"172\" srcset=\"https:\/\/www.hexenprozesse-leipzig.de\/wp-content\/uploads\/2022\/07\/KHM_06_gk.jpg 583w, https:\/\/www.hexenprozesse-leipzig.de\/wp-content\/uploads\/2022\/07\/KHM_06_gk-300x89.jpg 300w\" sizes=\"auto, (max-width: 583px) 100vw, 583px\" \/><br \/>Kr\u00e4uter \u2013 Hexen \u2013 M\u00e4rchen<br \/><\/strong>am <strong>18.08.2022<\/strong> von 17.00 -18.30 Uhr<br \/>Mit PEGGY BURIAN, Soziologin, M\u00e4rchenerz\u00e4hlerin &amp; KERSTIN LEUBNER, Sozialp\u00e4dagogin und Kr\u00e4uterfrau<br \/><br \/>Ein kr\u00e4uterig, m\u00e4rchenhafter Spaziergang in die Geschichte der Kr\u00e4uter und der \u201eweisen und heilkundigen Frauen\u201c im M\u00e4rchen.<br \/>Ort: Apothekergarten, vor dem Hospital-Tor | Eingang zum Friedenspark, 04103 Leipzig<br \/>Erreichbarkeit: Stra\u00dfenbahn: 12, 15 (Ostplatz), 2, 16 (Johannisallee) Bus: 60 (Liebigstra\u00dfe)<br \/>Eintritt: 10,- | 8,- Euro erm\u00e4\u00dfigt<br \/>Anmeldungen \u00fcber: <em>hallo@frauenkultur-leipzig.de<\/em><\/p>\n","protected":false},"excerpt":{"rendered":"<p>Hexenprozesse im Amt Leipzig (1479-1730)Mit MADELEINE APITZSCH, Germanistin M.A., Historikerin M.A. Der Stadtrundgang gibt einen Einblick in die fr\u00fchneuzeitliche Gerichtspraxis<\/p>\n","protected":false},"author":1,"featured_media":0,"parent":0,"menu_order":0,"comment_status":"closed","ping_status":"closed","template":"","meta":{"spay_email":"","footnotes":""},"class_list":["post-834","page","type-page","status-publish","hentry"],"wps_subtitle":"","jetpack_shortlink":"https:\/\/wp.me\/P8M4Ig-ds","jetpack_likes_enabled":true,"_links":{"self":[{"href":"https:\/\/www.hexenprozesse-leipzig.de\/index.php?rest_route=\/wp\/v2\/pages\/834","targetHints":{"allow":["GET"]}}],"collection":[{"href":"https:\/\/www.hexenprozesse-leipzig.de\/index.php?rest_route=\/wp\/v2\/pages"}],"about":[{"href":"https:\/\/www.hexenprozesse-leipzig.de\/index.php?rest_route=\/wp\/v2\/types\/page"}],"author":[{"embeddable":true,"href":"https:\/\/www.hexenprozesse-leipzig.de\/index.php?rest_route=\/wp\/v2\/users\/1"}],"replies":[{"embeddable":true,"href":"https:\/\/www.hexenprozesse-leipzig.de\/index.php?rest_route=%2Fwp%2Fv2%2Fcomments&post=834"}],"version-history":[{"count":11,"href":"https:\/\/www.hexenprozesse-leipzig.de\/index.php?rest_route=\/wp\/v2\/pages\/834\/revisions"}],"predecessor-version":[{"id":860,"href":"https:\/\/www.hexenprozesse-leipzig.de\/index.php?rest_route=\/wp\/v2\/pages\/834\/revisions\/860"}],"wp:attachment":[{"href":"https:\/\/www.hexenprozesse-leipzig.de\/index.php?rest_route=%2Fwp%2Fv2%2Fmedia&parent=834"}],"curies":[{"name":"wp","href":"https:\/\/api.w.org\/{rel}","templated":true}]}}